{"id":6052,"date":"2019-08-14T11:58:53","date_gmt":"2019-08-14T14:58:53","guid":{"rendered":"https:\/\/www.totalfx.com.br\/clientes\/caplab\/produtos\/sem%20categoria\/import-placeholder-for-72\/"},"modified":"2021-11-04T13:50:50","modified_gmt":"2021-11-04T16:50:50","slug":"balde-inox-graduado-com-bico","status":"publish","type":"product","link":"https:\/\/www.totalfx.com.br\/clientes\/caplab\/produto\/balde-inox-graduado-com-bico\/","title":{"rendered":"Balde Grad. c\/ Bico"},"content":{"rendered":"","protected":false},"excerpt":{"rendered":"","protected":false},"featured_media":8529,"comment_status":"open","ping_status":"closed","template":"","meta":{"ngg_post_thumbnail":0},"product_cat":[20],"product_tag":[],"segmentos":[29,30,31,33,34,32],"marca":[],"yoast_head":"<!-- This site is optimized with the Yoast SEO plugin v23.2 - https:\/\/yoast.com\/wordpress\/plugins\/seo\/ -->\n<title>Balde Grad. c\/ Bico - Cap-Lab<\/title>\n<meta name=\"robots\" content=\"index, follow, max-snippet:-1, max-image-preview:large, max-video-preview:-1\" \/>\n<link rel=\"canonical\" href=\"https:\/\/www.totalfx.com.br\/clientes\/caplab\/produto\/balde-inox-graduado-com-bico\/\" \/>\n<meta property=\"og:locale\" content=\"pt_BR\" \/>\n<meta property=\"og:type\" content=\"article\" \/>\n<meta property=\"og:title\" content=\"Balde Grad. c\/ Bico - Cap-Lab\" \/>\n<meta property=\"og:url\" content=\"https:\/\/www.totalfx.com.br\/clientes\/caplab\/produto\/balde-inox-graduado-com-bico\/\" \/>\n<meta property=\"og:site_name\" content=\"Cap-Lab\" \/>\n<meta property=\"article:modified_time\" content=\"2021-11-04T16:50:50+00:00\" \/>\n<meta property=\"og:image\" content=\"https:\/\/www.totalfx.com.br\/clientes\/caplab\/wp-content\/uploads\/2019\/08\/balde-de-inox-graduado-com-bico.jpg\" \/>\n\t<meta property=\"og:image:width\" content=\"800\" \/>\n\t<meta property=\"og:image:height\" content=\"800\" \/>\n\t<meta property=\"og:image:type\" content=\"image\/jpeg\" \/>\n<meta name=\"twitter:card\" content=\"summary_large_image\" \/>\n<script type=\"application\/ld+json\" class=\"yoast-schema-graph\">{\"@context\":\"https:\/\/schema.org\",\"@graph\":[{\"@type\":\"WebPage\",\"@id\":\"https:\/\/www.totalfx.com.br\/clientes\/caplab\/produto\/balde-inox-graduado-com-bico\/\",\"url\":\"https:\/\/www.totalfx.com.br\/clientes\/caplab\/produto\/balde-inox-graduado-com-bico\/\",\"name\":\"Balde Grad. c\/ Bico - Cap-Lab\",\"isPartOf\":{\"@id\":\"https:\/\/www.totalfx.com.br\/clientes\/caplab\/#website\"},\"primaryImageOfPage\":{\"@id\":\"https:\/\/www.totalfx.com.br\/clientes\/caplab\/produto\/balde-inox-graduado-com-bico\/#primaryimage\"},\"image\":{\"@id\":\"https:\/\/www.totalfx.com.br\/clientes\/caplab\/produto\/balde-inox-graduado-com-bico\/#primaryimage\"},\"thumbnailUrl\":\"https:\/\/www.totalfx.com.br\/clientes\/caplab\/wp-content\/uploads\/2019\/08\/balde-de-inox-graduado-com-bico.jpg\",\"datePublished\":\"2019-08-14T14:58:53+00:00\",\"dateModified\":\"2021-11-04T16:50:50+00:00\",\"breadcrumb\":{\"@id\":\"https:\/\/www.totalfx.com.br\/clientes\/caplab\/produto\/balde-inox-graduado-com-bico\/#breadcrumb\"},\"inLanguage\":\"pt-BR\",\"potentialAction\":[{\"@type\":\"ReadAction\",\"target\":[\"https:\/\/www.totalfx.com.br\/clientes\/caplab\/produto\/balde-inox-graduado-com-bico\/\"]}]},{\"@type\":\"ImageObject\",\"inLanguage\":\"pt-BR\",\"@id\":\"https:\/\/www.totalfx.com.br\/clientes\/caplab\/produto\/balde-inox-graduado-com-bico\/#primaryimage\",\"url\":\"https:\/\/www.totalfx.com.br\/clientes\/caplab\/wp-content\/uploads\/2019\/08\/balde-de-inox-graduado-com-bico.jpg\",\"contentUrl\":\"https:\/\/www.totalfx.com.br\/clientes\/caplab\/wp-content\/uploads\/2019\/08\/balde-de-inox-graduado-com-bico.jpg\",\"width\":800,\"height\":800,\"caption\":\"balde-de-inox-graduado-com-bico\"},{\"@type\":\"BreadcrumbList\",\"@id\":\"https:\/\/www.totalfx.com.br\/clientes\/caplab\/produto\/balde-inox-graduado-com-bico\/#breadcrumb\",\"itemListElement\":[{\"@type\":\"ListItem\",\"position\":1,\"name\":\"In\u00edcio\",\"item\":\"https:\/\/www.totalfx.com.br\/clientes\/caplab\/\"},{\"@type\":\"ListItem\",\"position\":2,\"name\":\"Produtos\",\"item\":\"https:\/\/www.totalfx.com.br\/clientes\/caplab\/produtos\/\"},{\"@type\":\"ListItem\",\"position\":3,\"name\":\"Balde Grad. c\/ Bico\"}]},{\"@type\":\"WebSite\",\"@id\":\"https:\/\/www.totalfx.com.br\/clientes\/caplab\/#website\",\"url\":\"https:\/\/www.totalfx.com.br\/clientes\/caplab\/\",\"name\":\"Cap-Lab\",\"description\":\"Tecnologia e inova\u00e7\u00e3o para laborat\u00f3rios\",\"publisher\":{\"@id\":\"https:\/\/www.totalfx.com.br\/clientes\/caplab\/#organization\"},\"potentialAction\":[{\"@type\":\"SearchAction\",\"target\":{\"@type\":\"EntryPoint\",\"urlTemplate\":\"https:\/\/www.totalfx.com.br\/clientes\/caplab\/?s={search_term_string}\"},\"query-input\":\"required name=search_term_string\"}],\"inLanguage\":\"pt-BR\"},{\"@type\":\"Organization\",\"@id\":\"https:\/\/www.totalfx.com.br\/clientes\/caplab\/#organization\",\"name\":\"Cap-Lab\",\"url\":\"https:\/\/www.totalfx.com.br\/clientes\/caplab\/\",\"logo\":{\"@type\":\"ImageObject\",\"inLanguage\":\"pt-BR\",\"@id\":\"https:\/\/www.totalfx.com.br\/clientes\/caplab\/#\/schema\/logo\/image\/\",\"url\":\"https:\/\/www.totalfx.com.br\/clientes\/caplab\/wp-content\/uploads\/2019\/06\/logo-caplab.png\",\"contentUrl\":\"https:\/\/www.totalfx.com.br\/clientes\/caplab\/wp-content\/uploads\/2019\/06\/logo-caplab.png\",\"width\":350,\"height\":84,\"caption\":\"Cap-Lab\"},\"image\":{\"@id\":\"https:\/\/www.totalfx.com.br\/clientes\/caplab\/#\/schema\/logo\/image\/\"}}]}<\/script>\n<!-- \/ Yoast SEO plugin. -->","yoast_head_json":{"title":"Balde Grad. c\/ Bico - Cap-Lab","robots":{"index":"index","follow":"follow","max-snippet":"max-snippet:-1","max-image-preview":"max-image-preview:large","max-video-preview":"max-video-preview:-1"},"canonical":"https:\/\/www.totalfx.com.br\/clientes\/caplab\/produto\/balde-inox-graduado-com-bico\/","og_locale":"pt_BR","og_type":"article","og_title":"Balde Grad. c\/ Bico - Cap-Lab","og_url":"https:\/\/www.totalfx.com.br\/clientes\/caplab\/produto\/balde-inox-graduado-com-bico\/","og_site_name":"Cap-Lab","article_modified_time":"2021-11-04T16:50:50+00:00","og_image":[{"width":800,"height":800,"url":"https:\/\/www.totalfx.com.br\/clientes\/caplab\/wp-content\/uploads\/2019\/08\/balde-de-inox-graduado-com-bico.jpg","type":"image\/jpeg"}],"twitter_card":"summary_large_image","schema":{"@context":"https:\/\/schema.org","@graph":[{"@type":"WebPage","@id":"https:\/\/www.totalfx.com.br\/clientes\/caplab\/produto\/balde-inox-graduado-com-bico\/","url":"https:\/\/www.totalfx.com.br\/clientes\/caplab\/produto\/balde-inox-graduado-com-bico\/","name":"Balde Grad. c\/ Bico - Cap-Lab","isPartOf":{"@id":"https:\/\/www.totalfx.com.br\/clientes\/caplab\/#website"},"primaryImageOfPage":{"@id":"https:\/\/www.totalfx.com.br\/clientes\/caplab\/produto\/balde-inox-graduado-com-bico\/#primaryimage"},"image":{"@id":"https:\/\/www.totalfx.com.br\/clientes\/caplab\/produto\/balde-inox-graduado-com-bico\/#primaryimage"},"thumbnailUrl":"https:\/\/www.totalfx.com.br\/clientes\/caplab\/wp-content\/uploads\/2019\/08\/balde-de-inox-graduado-com-bico.jpg","datePublished":"2019-08-14T14:58:53+00:00","dateModified":"2021-11-04T16:50:50+00:00","breadcrumb":{"@id":"https:\/\/www.totalfx.com.br\/clientes\/caplab\/produto\/balde-inox-graduado-com-bico\/#breadcrumb"},"inLanguage":"pt-BR","potentialAction":[{"@type":"ReadAction","target":["https:\/\/www.totalfx.com.br\/clientes\/caplab\/produto\/balde-inox-graduado-com-bico\/"]}]},{"@type":"ImageObject","inLanguage":"pt-BR","@id":"https:\/\/www.totalfx.com.br\/clientes\/caplab\/produto\/balde-inox-graduado-com-bico\/#primaryimage","url":"https:\/\/www.totalfx.com.br\/clientes\/caplab\/wp-content\/uploads\/2019\/08\/balde-de-inox-graduado-com-bico.jpg","contentUrl":"https:\/\/www.totalfx.com.br\/clientes\/caplab\/wp-content\/uploads\/2019\/08\/balde-de-inox-graduado-com-bico.jpg","width":800,"height":800,"caption":"balde-de-inox-graduado-com-bico"},{"@type":"BreadcrumbList","@id":"https:\/\/www.totalfx.com.br\/clientes\/caplab\/produto\/balde-inox-graduado-com-bico\/#breadcrumb","itemListElement":[{"@type":"ListItem","position":1,"name":"In\u00edcio","item":"https:\/\/www.totalfx.com.br\/clientes\/caplab\/"},{"@type":"ListItem","position":2,"name":"Produtos","item":"https:\/\/www.totalfx.com.br\/clientes\/caplab\/produtos\/"},{"@type":"ListItem","position":3,"name":"Balde Grad. c\/ Bico"}]},{"@type":"WebSite","@id":"https:\/\/www.totalfx.com.br\/clientes\/caplab\/#website","url":"https:\/\/www.totalfx.com.br\/clientes\/caplab\/","name":"Cap-Lab","description":"Tecnologia e inova\u00e7\u00e3o para laborat\u00f3rios","publisher":{"@id":"https:\/\/www.totalfx.com.br\/clientes\/caplab\/#organization"},"potentialAction":[{"@type":"SearchAction","target":{"@type":"EntryPoint","urlTemplate":"https:\/\/www.totalfx.com.br\/clientes\/caplab\/?s={search_term_string}"},"query-input":"required name=search_term_string"}],"inLanguage":"pt-BR"},{"@type":"Organization","@id":"https:\/\/www.totalfx.com.br\/clientes\/caplab\/#organization","name":"Cap-Lab","url":"https:\/\/www.totalfx.com.br\/clientes\/caplab\/","logo":{"@type":"ImageObject","inLanguage":"pt-BR","@id":"https:\/\/www.totalfx.com.br\/clientes\/caplab\/#\/schema\/logo\/image\/","url":"https:\/\/www.totalfx.com.br\/clientes\/caplab\/wp-content\/uploads\/2019\/06\/logo-caplab.png","contentUrl":"https:\/\/www.totalfx.com.br\/clientes\/caplab\/wp-content\/uploads\/2019\/06\/logo-caplab.png","width":350,"height":84,"caption":"Cap-Lab"},"image":{"@id":"https:\/\/www.totalfx.com.br\/clientes\/caplab\/#\/schema\/logo\/image\/"}}]}},"_links":{"self":[{"href":"https:\/\/www.totalfx.com.br\/clientes\/caplab\/wp-json\/wp\/v2\/product\/6052"}],"collection":[{"href":"https:\/\/www.totalfx.com.br\/clientes\/caplab\/wp-json\/wp\/v2\/product"}],"about":[{"href":"https:\/\/www.totalfx.com.br\/clientes\/caplab\/wp-json\/wp\/v2\/types\/product"}],"replies":[{"embeddable":true,"href":"https:\/\/www.totalfx.com.br\/clientes\/caplab\/wp-json\/wp\/v2\/comments?post=6052"}],"wp:featuredmedia":[{"embeddable":true,"href":"https:\/\/www.totalfx.com.br\/clientes\/caplab\/wp-json\/wp\/v2\/media\/8529"}],"wp:attachment":[{"href":"https:\/\/www.totalfx.com.br\/clientes\/caplab\/wp-json\/wp\/v2\/media?parent=6052"}],"wp:term":[{"taxonomy":"product_cat","embeddable":true,"href":"https:\/\/www.totalfx.com.br\/clientes\/caplab\/wp-json\/wp\/v2\/product_cat?post=6052"},{"taxonomy":"product_tag","embeddable":true,"href":"https:\/\/www.totalfx.com.br\/clientes\/caplab\/wp-json\/wp\/v2\/product_tag?post=6052"},{"taxonomy":"segmentos","embeddable":true,"href":"https:\/\/www.totalfx.com.br\/clientes\/caplab\/wp-json\/wp\/v2\/segmentos?post=6052"},{"taxonomy":"marca","embeddable":true,"href":"https:\/\/www.totalfx.com.br\/clientes\/caplab\/wp-json\/wp\/v2\/marca?post=6052"}],"curies":[{"name":"wp","href":"https:\/\/api.w.org\/{rel}","templated":true}]}}