{"id":6181,"date":"2019-08-14T12:00:59","date_gmt":"2019-08-14T15:00:59","guid":{"rendered":"https:\/\/www.totalfx.com.br\/clientes\/caplab\/produtos\/sem%20categoria\/import-placeholder-for-276\/"},"modified":"2020-06-22T17:24:03","modified_gmt":"2020-06-22T20:24:03","slug":"tripe-de-ferro","status":"publish","type":"product","link":"https:\/\/www.totalfx.com.br\/clientes\/caplab\/produto\/tripe-de-ferro\/","title":{"rendered":"Trip\u00e9s de Ferro"},"content":{"rendered":"","protected":false},"excerpt":{"rendered":"","protected":false},"featured_media":1783,"comment_status":"open","ping_status":"closed","template":"","meta":{"ngg_post_thumbnail":0},"product_cat":[20],"product_tag":[],"segmentos":[29,30,31,33,34,32],"marca":[],"yoast_head":"<!-- This site is optimized with the Yoast SEO plugin v23.2 - https:\/\/yoast.com\/wordpress\/plugins\/seo\/ -->\n<title>Trip\u00e9s de Ferro - Cap-Lab<\/title>\n<meta name=\"robots\" content=\"index, follow, max-snippet:-1, max-image-preview:large, max-video-preview:-1\" \/>\n<link rel=\"canonical\" href=\"https:\/\/www.totalfx.com.br\/clientes\/caplab\/produto\/tripe-de-ferro\/\" \/>\n<meta property=\"og:locale\" content=\"pt_BR\" \/>\n<meta property=\"og:type\" content=\"article\" \/>\n<meta property=\"og:title\" content=\"Trip\u00e9s de Ferro - Cap-Lab\" \/>\n<meta property=\"og:url\" content=\"https:\/\/www.totalfx.com.br\/clientes\/caplab\/produto\/tripe-de-ferro\/\" \/>\n<meta property=\"og:site_name\" content=\"Cap-Lab\" \/>\n<meta property=\"article:modified_time\" content=\"2020-06-22T20:24:03+00:00\" \/>\n<meta property=\"og:image\" content=\"https:\/\/www.totalfx.com.br\/clientes\/caplab\/wp-content\/uploads\/2019\/08\/Tripe_de_Ferro.jpg\" \/>\n\t<meta property=\"og:image:width\" content=\"1000\" \/>\n\t<meta property=\"og:image:height\" content=\"1000\" \/>\n\t<meta property=\"og:image:type\" content=\"image\/jpeg\" \/>\n<meta name=\"twitter:card\" content=\"summary_large_image\" \/>\n<script type=\"application\/ld+json\" class=\"yoast-schema-graph\">{\"@context\":\"https:\/\/schema.org\",\"@graph\":[{\"@type\":\"WebPage\",\"@id\":\"https:\/\/www.totalfx.com.br\/clientes\/caplab\/produto\/tripe-de-ferro\/\",\"url\":\"https:\/\/www.totalfx.com.br\/clientes\/caplab\/produto\/tripe-de-ferro\/\",\"name\":\"Trip\u00e9s de Ferro - Cap-Lab\",\"isPartOf\":{\"@id\":\"https:\/\/www.totalfx.com.br\/clientes\/caplab\/#website\"},\"primaryImageOfPage\":{\"@id\":\"https:\/\/www.totalfx.com.br\/clientes\/caplab\/produto\/tripe-de-ferro\/#primaryimage\"},\"image\":{\"@id\":\"https:\/\/www.totalfx.com.br\/clientes\/caplab\/produto\/tripe-de-ferro\/#primaryimage\"},\"thumbnailUrl\":\"https:\/\/www.totalfx.com.br\/clientes\/caplab\/wp-content\/uploads\/2019\/08\/Tripe_de_Ferro.jpg\",\"datePublished\":\"2019-08-14T15:00:59+00:00\",\"dateModified\":\"2020-06-22T20:24:03+00:00\",\"breadcrumb\":{\"@id\":\"https:\/\/www.totalfx.com.br\/clientes\/caplab\/produto\/tripe-de-ferro\/#breadcrumb\"},\"inLanguage\":\"pt-BR\",\"potentialAction\":[{\"@type\":\"ReadAction\",\"target\":[\"https:\/\/www.totalfx.com.br\/clientes\/caplab\/produto\/tripe-de-ferro\/\"]}]},{\"@type\":\"ImageObject\",\"inLanguage\":\"pt-BR\",\"@id\":\"https:\/\/www.totalfx.com.br\/clientes\/caplab\/produto\/tripe-de-ferro\/#primaryimage\",\"url\":\"https:\/\/www.totalfx.com.br\/clientes\/caplab\/wp-content\/uploads\/2019\/08\/Tripe_de_Ferro.jpg\",\"contentUrl\":\"https:\/\/www.totalfx.com.br\/clientes\/caplab\/wp-content\/uploads\/2019\/08\/Tripe_de_Ferro.jpg\",\"width\":1000,\"height\":1000},{\"@type\":\"BreadcrumbList\",\"@id\":\"https:\/\/www.totalfx.com.br\/clientes\/caplab\/produto\/tripe-de-ferro\/#breadcrumb\",\"itemListElement\":[{\"@type\":\"ListItem\",\"position\":1,\"name\":\"In\u00edcio\",\"item\":\"https:\/\/www.totalfx.com.br\/clientes\/caplab\/\"},{\"@type\":\"ListItem\",\"position\":2,\"name\":\"Produtos\",\"item\":\"https:\/\/www.totalfx.com.br\/clientes\/caplab\/produtos\/\"},{\"@type\":\"ListItem\",\"position\":3,\"name\":\"Trip\u00e9s de Ferro\"}]},{\"@type\":\"WebSite\",\"@id\":\"https:\/\/www.totalfx.com.br\/clientes\/caplab\/#website\",\"url\":\"https:\/\/www.totalfx.com.br\/clientes\/caplab\/\",\"name\":\"Cap-Lab\",\"description\":\"Tecnologia e inova\u00e7\u00e3o para laborat\u00f3rios\",\"publisher\":{\"@id\":\"https:\/\/www.totalfx.com.br\/clientes\/caplab\/#organization\"},\"potentialAction\":[{\"@type\":\"SearchAction\",\"target\":{\"@type\":\"EntryPoint\",\"urlTemplate\":\"https:\/\/www.totalfx.com.br\/clientes\/caplab\/?s={search_term_string}\"},\"query-input\":\"required name=search_term_string\"}],\"inLanguage\":\"pt-BR\"},{\"@type\":\"Organization\",\"@id\":\"https:\/\/www.totalfx.com.br\/clientes\/caplab\/#organization\",\"name\":\"Cap-Lab\",\"url\":\"https:\/\/www.totalfx.com.br\/clientes\/caplab\/\",\"logo\":{\"@type\":\"ImageObject\",\"inLanguage\":\"pt-BR\",\"@id\":\"https:\/\/www.totalfx.com.br\/clientes\/caplab\/#\/schema\/logo\/image\/\",\"url\":\"https:\/\/www.totalfx.com.br\/clientes\/caplab\/wp-content\/uploads\/2019\/06\/logo-caplab.png\",\"contentUrl\":\"https:\/\/www.totalfx.com.br\/clientes\/caplab\/wp-content\/uploads\/2019\/06\/logo-caplab.png\",\"width\":350,\"height\":84,\"caption\":\"Cap-Lab\"},\"image\":{\"@id\":\"https:\/\/www.totalfx.com.br\/clientes\/caplab\/#\/schema\/logo\/image\/\"}}]}<\/script>\n<!-- \/ Yoast SEO plugin. -->","yoast_head_json":{"title":"Trip\u00e9s de Ferro - Cap-Lab","robots":{"index":"index","follow":"follow","max-snippet":"max-snippet:-1","max-image-preview":"max-image-preview:large","max-video-preview":"max-video-preview:-1"},"canonical":"https:\/\/www.totalfx.com.br\/clientes\/caplab\/produto\/tripe-de-ferro\/","og_locale":"pt_BR","og_type":"article","og_title":"Trip\u00e9s de Ferro - Cap-Lab","og_url":"https:\/\/www.totalfx.com.br\/clientes\/caplab\/produto\/tripe-de-ferro\/","og_site_name":"Cap-Lab","article_modified_time":"2020-06-22T20:24:03+00:00","og_image":[{"width":1000,"height":1000,"url":"https:\/\/www.totalfx.com.br\/clientes\/caplab\/wp-content\/uploads\/2019\/08\/Tripe_de_Ferro.jpg","type":"image\/jpeg"}],"twitter_card":"summary_large_image","schema":{"@context":"https:\/\/schema.org","@graph":[{"@type":"WebPage","@id":"https:\/\/www.totalfx.com.br\/clientes\/caplab\/produto\/tripe-de-ferro\/","url":"https:\/\/www.totalfx.com.br\/clientes\/caplab\/produto\/tripe-de-ferro\/","name":"Trip\u00e9s de Ferro - Cap-Lab","isPartOf":{"@id":"https:\/\/www.totalfx.com.br\/clientes\/caplab\/#website"},"primaryImageOfPage":{"@id":"https:\/\/www.totalfx.com.br\/clientes\/caplab\/produto\/tripe-de-ferro\/#primaryimage"},"image":{"@id":"https:\/\/www.totalfx.com.br\/clientes\/caplab\/produto\/tripe-de-ferro\/#primaryimage"},"thumbnailUrl":"https:\/\/www.totalfx.com.br\/clientes\/caplab\/wp-content\/uploads\/2019\/08\/Tripe_de_Ferro.jpg","datePublished":"2019-08-14T15:00:59+00:00","dateModified":"2020-06-22T20:24:03+00:00","breadcrumb":{"@id":"https:\/\/www.totalfx.com.br\/clientes\/caplab\/produto\/tripe-de-ferro\/#breadcrumb"},"inLanguage":"pt-BR","potentialAction":[{"@type":"ReadAction","target":["https:\/\/www.totalfx.com.br\/clientes\/caplab\/produto\/tripe-de-ferro\/"]}]},{"@type":"ImageObject","inLanguage":"pt-BR","@id":"https:\/\/www.totalfx.com.br\/clientes\/caplab\/produto\/tripe-de-ferro\/#primaryimage","url":"https:\/\/www.totalfx.com.br\/clientes\/caplab\/wp-content\/uploads\/2019\/08\/Tripe_de_Ferro.jpg","contentUrl":"https:\/\/www.totalfx.com.br\/clientes\/caplab\/wp-content\/uploads\/2019\/08\/Tripe_de_Ferro.jpg","width":1000,"height":1000},{"@type":"BreadcrumbList","@id":"https:\/\/www.totalfx.com.br\/clientes\/caplab\/produto\/tripe-de-ferro\/#breadcrumb","itemListElement":[{"@type":"ListItem","position":1,"name":"In\u00edcio","item":"https:\/\/www.totalfx.com.br\/clientes\/caplab\/"},{"@type":"ListItem","position":2,"name":"Produtos","item":"https:\/\/www.totalfx.com.br\/clientes\/caplab\/produtos\/"},{"@type":"ListItem","position":3,"name":"Trip\u00e9s de Ferro"}]},{"@type":"WebSite","@id":"https:\/\/www.totalfx.com.br\/clientes\/caplab\/#website","url":"https:\/\/www.totalfx.com.br\/clientes\/caplab\/","name":"Cap-Lab","description":"Tecnologia e inova\u00e7\u00e3o para laborat\u00f3rios","publisher":{"@id":"https:\/\/www.totalfx.com.br\/clientes\/caplab\/#organization"},"potentialAction":[{"@type":"SearchAction","target":{"@type":"EntryPoint","urlTemplate":"https:\/\/www.totalfx.com.br\/clientes\/caplab\/?s={search_term_string}"},"query-input":"required name=search_term_string"}],"inLanguage":"pt-BR"},{"@type":"Organization","@id":"https:\/\/www.totalfx.com.br\/clientes\/caplab\/#organization","name":"Cap-Lab","url":"https:\/\/www.totalfx.com.br\/clientes\/caplab\/","logo":{"@type":"ImageObject","inLanguage":"pt-BR","@id":"https:\/\/www.totalfx.com.br\/clientes\/caplab\/#\/schema\/logo\/image\/","url":"https:\/\/www.totalfx.com.br\/clientes\/caplab\/wp-content\/uploads\/2019\/06\/logo-caplab.png","contentUrl":"https:\/\/www.totalfx.com.br\/clientes\/caplab\/wp-content\/uploads\/2019\/06\/logo-caplab.png","width":350,"height":84,"caption":"Cap-Lab"},"image":{"@id":"https:\/\/www.totalfx.com.br\/clientes\/caplab\/#\/schema\/logo\/image\/"}}]}},"_links":{"self":[{"href":"https:\/\/www.totalfx.com.br\/clientes\/caplab\/wp-json\/wp\/v2\/product\/6181"}],"collection":[{"href":"https:\/\/www.totalfx.com.br\/clientes\/caplab\/wp-json\/wp\/v2\/product"}],"about":[{"href":"https:\/\/www.totalfx.com.br\/clientes\/caplab\/wp-json\/wp\/v2\/types\/product"}],"replies":[{"embeddable":true,"href":"https:\/\/www.totalfx.com.br\/clientes\/caplab\/wp-json\/wp\/v2\/comments?post=6181"}],"wp:featuredmedia":[{"embeddable":true,"href":"https:\/\/www.totalfx.com.br\/clientes\/caplab\/wp-json\/wp\/v2\/media\/1783"}],"wp:attachment":[{"href":"https:\/\/www.totalfx.com.br\/clientes\/caplab\/wp-json\/wp\/v2\/media?parent=6181"}],"wp:term":[{"taxonomy":"product_cat","embeddable":true,"href":"https:\/\/www.totalfx.com.br\/clientes\/caplab\/wp-json\/wp\/v2\/product_cat?post=6181"},{"taxonomy":"product_tag","embeddable":true,"href":"https:\/\/www.totalfx.com.br\/clientes\/caplab\/wp-json\/wp\/v2\/product_tag?post=6181"},{"taxonomy":"segmentos","embeddable":true,"href":"https:\/\/www.totalfx.com.br\/clientes\/caplab\/wp-json\/wp\/v2\/segmentos?post=6181"},{"taxonomy":"marca","embeddable":true,"href":"https:\/\/www.totalfx.com.br\/clientes\/caplab\/wp-json\/wp\/v2\/marca?post=6181"}],"curies":[{"name":"wp","href":"https:\/\/api.w.org\/{rel}","templated":true}]}}